{"id":4,"date":"2015-05-08T13:22:48","date_gmt":"2015-05-08T13:22:48","guid":{"rendered":"http:\/\/quanticalabs.com\/wptest\/carservice\/?page_id=4"},"modified":"2025-09-08T06:00:54","modified_gmt":"2025-09-08T06:00:54","slug":"home","status":"publish","type":"page","link":"https:\/\/kages.eu\/WP\/","title":{"rendered":"Start"},"content":{"rendered":"<div class=\"wpb-content-wrapper\"><p>[vc_row type=&#8220;full-width&#8220;][vc_column][rev_slider_vc alias=&#8220;main&#8220;][\/vc_column][\/vc_row][vc_row type=&#8220;full-width&#8220; css=&#8220;.vc_custom_1528784601761{background-color: #f5f5f5 !important;}&#8220;][vc_column]<div class=\"announcement clearfix\">\r\n\t\t\t\t\t<div class=\"vc_row wpb_row vc_row-fluid\">\r\n\t\t\t\t\t\t<div class=\"vc_col-sm-8 wpb_column vc_column_container\">\r\n\t\t\t\t\t\t\t<div class=\"vertical-align\">\r\n\t\t\t\t\t\t\t\t<div class=\"vertical-align-cell\">\r\n\t\t\t\t\t\t\t\t\t<h3>WIR FREUEN UNS AUF IHRE ANFRAGE!<\/h3>\r\n\t\t\t\t\t\t\t\t<\/div>\r\n\t\t\t\t\t\t\t<\/div>\r\n\t\t\t\t\t\t<\/div><div class=\"vc_col-sm-4 wpb_column vc_column_container\">\r\n\t\t\t\t\t\t<div class=\"vertical-align\">\r\n\t\t\t\t\t\t\t<div class=\"vertical-align-cell\">\r\n\t\t\t\t\t\t\t\t<a title=\"KONTAKT\" href=\"https:\/\/kages.eu\/WP\/kontakt\/\" class=\"more\"><span>KONTAKT<\/span><\/a>\r\n\t\t\t\t\t\t\t<\/div>\r\n\t\t\t\t\t\t<\/div>\r\n\t\t\t\t\t<\/div><\/div>\r\n\t\t\t<\/div>[\/vc_column][\/vc_row][vc_row top_margin=&#8220;page-margin-top-section&#8220;][vc_column]<h2 class=\" box-header\">WILLKOMMEN BEI KAGES e.K.<\/h2>[vc_column_text css=&#8220;&#8220; el_class=&#8220;description align-center&#8220;]<\/p>\n<h3>Verkauf, Vermietung und Reparatur incl. T\u00dcV\/HU von Anh\u00e4ngern f\u00fcr Gewerbetreibende und Privatleute.<\/h3>\n<h2><span style=\"color: #ff0000;\"><strong><span style=\"color: #ff0000;\"><span style=\"font-size: 16px;\"> Wir bitten um Terminvereinbarung f\u00fcr:<\/span><\/span><\/strong><\/span><\/h2>\n<ul>\n<li><span style=\"color: #ff0000;\"><strong><span style=\"color: #ff0000;\"><span style=\"font-size: 16px;\">Beratung<\/span><\/span><\/strong><\/span><\/li>\n<li><span style=\"color: #ff0000;\"><strong><span style=\"color: #ff0000;\"><span style=\"font-size: 16px;\">Verkauf<\/span><\/span><\/strong><\/span><\/li>\n<li><span style=\"color: #ff0000;\"><strong><span style=\"color: #ff0000;\"><span style=\"font-size: 16px;\">Vermietung<\/span><\/span><\/strong><\/span><\/li>\n<li><span style=\"color: #ff0000;\"><strong><span style=\"color: #ff0000;\"><span style=\"font-size: 16px;\">\u00dcberf\u00fchrung <\/span><\/span><\/strong><\/span><\/li>\n<\/ul>\n<h2><span style=\"color: #ff0000;\"><strong><span style=\"color: #ff0000;\"><span style=\"font-size: 16px;\">unter <\/span>02235 84027 45\u00a0<\/span><span style=\"font-size: 16px;\"><span style=\"color: #ff0000;\">oder unter<\/span>\u00a0<\/span><u><a style=\"color: #ff0000;\" href=\"mailto:g.sunko@kages.eu\">kontakt@kages.eu<\/a><\/u><\/strong><\/span><\/h2>\n<div class=\"vc_row wpb_row vc_row-fluid\">\n<div class=\"wpb_column vc_column_container vc_col-sm-12\">\n<div class=\"wpb_wrapper\">\n<div class=\"wpb_text_column wpb_content_element margin-top-34\">\n<div class=\"wpb_wrapper\">\n<p>&nbsp;<\/p>\n<\/div>\n<\/div>\n<\/div>\n<\/div>\n<\/div>\n<div class=\"vc_row wpb_row vc_row-fluid page-margin-top\">\n<div class=\"wpb_column vc_column_container vc_col-sm-12\">\n<div class=\"wpb_wrapper\">\n<div class=\"wpb_text_column wpb_content_element \">\n<div class=\"wpb_wrapper\"><\/div>\n<\/div>\n<\/div>\n<\/div>\n<\/div>\n<hr \/>\n<p>[\/vc_column_text][vc_row_inner top_margin=&#8220;page-margin-top&#8220;][vc_column_inner width=&#8220;1\/3&#8243;]<div class=\"feature-item feature-item-big\"><h4 class=\"box-header\">ANH\u00c4NGER<\/h4><p>Wir bieten Ihnen\u00a0Anh\u00e4nger der Marke K\u00f6nig\u00a0als Standardprodukte sowie Sonderanfertigungen.<\/p><\/div>[\/vc_column_inner][vc_column_inner width=&#8220;1\/3&#8243;]<div class=\"feature-item feature-item-big\"><h4 class=\"box-header\">DIENSTLEISTUNGEN<\/h4><p>Wir bieten Ihnen au\u00dferdem Leasing, Finanzierung, Zulassungsservice und Fahrzeug\u00fcberf\u00fchrungen an.<\/p><\/div>[\/vc_column_inner][vc_column_inner width=&#8220;1\/3&#8243;]<div class=\"feature-item feature-item-big\"><h4 class=\"box-header\">NEUWAGEN<\/h4><p>Sie suchen ein neues Fahrzeug zu Internetpreisen? Gerne helfen wir Ihnen, mit deutschlandweiten Partnern das richtige Auto zu finden.<\/p><\/div>[\/vc_column_inner][\/vc_row_inner][\/vc_column][\/vc_row][vc_row][vc_column][vc_empty_space height=&#8220;50&#8243;][\/vc_column][\/vc_row][vc_row][vc_column][vc_icon icon_fontawesome=&#8220;fa fa-facebook-square&#8220; color=&#8220;white&#8220; background_style=&#8220;rounded&#8220; background_color=&#8220;blue&#8220; align=&#8220;center&#8220; link=&#8220;url:https%3A%2F%2Fwww.facebook.com%2Fkages.eu|title:Besuchen%20Sie%20uns%20auf%20Facebook!|target:%20_blank|&#8220;][\/vc_column][\/vc_row]<\/p>\n<\/div>","protected":false},"excerpt":{"rendered":"<p>[vc_row type=&#8220;full-width&#8220;][vc_column][rev_slider_vc alias=&#8220;main&#8220;][\/vc_column][\/vc_row][vc_row type=&#8220;full-width&#8220; css=&#8220;.vc_custom_1528784601761{background-color: #f5f5f5 !important;}&#8220;][vc_column][\/vc_column][\/vc_row][vc_row top_margin=&#8220;page-margin-top-section&#8220;][vc_column][vc_column_text css=&#8220;&#8220; el_class=&#8220;description align-center&#8220;] Verkauf, Vermietung und Reparatur incl. T\u00dcV\/HU von Anh\u00e4ngern f\u00fcr Gewerbetreibende und Privatleute. Wir bitten um Terminvereinbarung f\u00fcr: Beratung Verkauf Vermietung \u00dcberf\u00fchrung unter 02235 84027 45\u00a0oder unter\u00a0kontakt@kages.eu &nbsp; [\/vc_column_text][vc_row_inner top_margin=&#8220;page-margin-top&#8220;][vc_column_inner width=&#8220;1\/3&#8243;][\/vc_column_inner][vc_column_inner width=&#8220;1\/3&#8243;][\/vc_column_inner][vc_column_inner width=&#8220;1\/3&#8243;][\/vc_column_inner][\/vc_row_inner][\/vc_column][\/vc_row][vc_row][vc_column][vc_empty_space height=&#8220;50&#8243;][\/vc_column][\/vc_row][vc_row][vc_column][vc_icon icon_fontawesome=&#8220;fa fa-facebook-square&#8220; color=&#8220;white&#8220; background_style=&#8220;rounded&#8220; background_color=&#8220;blue&#8220; align=&#8220;center&#8220; link=&#8220;url:https%3A%2F%2Fwww.facebook.com%2Fkages.eu|title:Besuchen%20Sie%20uns%20auf%20Facebook!|target:%20_blank|&#8220;][\/vc_column][\/vc_row]<\/p>\n","protected":false},"author":1,"featured_media":0,"parent":0,"menu_order":0,"comment_status":"open","ping_status":"closed","template":"template-default-without-breadcrumbs.php","meta":{"footnotes":""},"class_list":["post-4","page","type-page","status-publish","hentry"],"_links":{"self":[{"href":"https:\/\/kages.eu\/WP\/wp-json\/wp\/v2\/pages\/4","targetHints":{"allow":["GET"]}}],"collection":[{"href":"https:\/\/kages.eu\/WP\/wp-json\/wp\/v2\/pages"}],"about":[{"href":"https:\/\/kages.eu\/WP\/wp-json\/wp\/v2\/types\/page"}],"author":[{"embeddable":true,"href":"https:\/\/kages.eu\/WP\/wp-json\/wp\/v2\/users\/1"}],"replies":[{"embeddable":true,"href":"https:\/\/kages.eu\/WP\/wp-json\/wp\/v2\/comments?post=4"}],"version-history":[{"count":5,"href":"https:\/\/kages.eu\/WP\/wp-json\/wp\/v2\/pages\/4\/revisions"}],"predecessor-version":[{"id":1874,"href":"https:\/\/kages.eu\/WP\/wp-json\/wp\/v2\/pages\/4\/revisions\/1874"}],"wp:attachment":[{"href":"https:\/\/kages.eu\/WP\/wp-json\/wp\/v2\/media?parent=4"}],"curies":[{"name":"wp","href":"https:\/\/api.w.org\/{rel}","templated":true}]}}