{"id":236,"date":"2015-05-26T10:02:04","date_gmt":"2015-05-26T10:02:04","guid":{"rendered":"http:\/\/quanticalabs.com\/wptest\/carservice\/?page_id=236"},"modified":"2018-07-04T11:59:34","modified_gmt":"2018-07-04T11:59:34","slug":"galerie","status":"publish","type":"page","link":"https:\/\/kages.eu\/WP\/galerie\/","title":{"rendered":"Galerie"},"content":{"rendered":"<div class=\"wpb-content-wrapper\"><p>[vc_row el_class=&#8220;margin-top-70&#8243;][vc_column width=&#8220;3\/4&#8243;]<div class=\"vc_row wpb_row vc_row-fluid\"><ul class=\"blog clearfix\"><li class=\" post post-1408 type-post status-publish format-standard has-post-thumbnail hentry category-uncategorized\"><a class=\"post-image\" href=\"https:\/\/kages.eu\/WP\/hochladeranhaenger-koenig-kh-263016-n-tandem\/\" title=\"HOCHLADERANH\u00c4NGER K\u00d6NIG KH-263016\/N TANDEM\"><img loading=\"lazy\" decoding=\"async\" width=\"870\" height=\"580\" src=\"https:\/\/kages.eu\/WP\/wp-content\/uploads\/2018\/07\/2015-02-02-13.22.39-870x580.jpg\" class=\"attachment-blog-post-thumb size-blog-post-thumb wp-post-image\" alt=\"HOCHLADERANH\u00c4NGER K\u00d6NIG KH-263016\/N TANDEM\" title=\"\" srcset=\"https:\/\/kages.eu\/WP\/wp-content\/uploads\/2018\/07\/2015-02-02-13.22.39-870x580.jpg 870w, https:\/\/kages.eu\/WP\/wp-content\/uploads\/2018\/07\/2015-02-02-13.22.39-570x380.jpg 570w, https:\/\/kages.eu\/WP\/wp-content\/uploads\/2018\/07\/2015-02-02-13.22.39-480x320.jpg 480w, https:\/\/kages.eu\/WP\/wp-content\/uploads\/2018\/07\/2015-02-02-13.22.39-390x260.jpg 390w, https:\/\/kages.eu\/WP\/wp-content\/uploads\/2018\/07\/2015-02-02-13.22.39-270x180.jpg 270w\" sizes=\"auto, (max-width: 870px) 100vw, 870px\" \/><\/a><h3 class=\"box-header\"><a href=\"https:\/\/kages.eu\/WP\/hochladeranhaenger-koenig-kh-263016-n-tandem\/\" title=\"HOCHLADERANH\u00c4NGER K\u00d6NIG KH-263016\/N TANDEM\">HOCHLADERANH\u00c4NGER K\u00d6NIG KH-263016\/N TANDEM<\/a><\/h3><p>Nutzma\u00dfe: L3060mm, B1650mm, H700mm; Nutzlast 2000kg, GesGew 2600kg Besonderheiten: niedrigstes Fahrwerk 590mm Ladekantenh\u00f6he, Laderaum komplett abschlie\u00dfbar<\/p>\n<\/li><li class=\" post post-1406 type-post status-publish format-standard has-post-thumbnail hentry category-uncategorized\"><a class=\"post-image\" href=\"https:\/\/kages.eu\/WP\/kofferanhaenger-koenig-khc-354020\/\" title=\"KOFFERANH\u00c4NGER K\u00d6NIG KHC-354020\"><img loading=\"lazy\" decoding=\"async\" width=\"870\" height=\"580\" src=\"https:\/\/kages.eu\/WP\/wp-content\/uploads\/2018\/07\/2017-07-13-17.34.27-870x580.jpg\" class=\"attachment-blog-post-thumb size-blog-post-thumb wp-post-image\" alt=\"KOFFERANH\u00c4NGER K\u00d6NIG KHC-354020\" title=\"\" srcset=\"https:\/\/kages.eu\/WP\/wp-content\/uploads\/2018\/07\/2017-07-13-17.34.27-870x580.jpg 870w, https:\/\/kages.eu\/WP\/wp-content\/uploads\/2018\/07\/2017-07-13-17.34.27-570x380.jpg 570w, https:\/\/kages.eu\/WP\/wp-content\/uploads\/2018\/07\/2017-07-13-17.34.27-480x320.jpg 480w, https:\/\/kages.eu\/WP\/wp-content\/uploads\/2018\/07\/2017-07-13-17.34.27-390x260.jpg 390w, https:\/\/kages.eu\/WP\/wp-content\/uploads\/2018\/07\/2017-07-13-17.34.27-270x180.jpg 270w\" sizes=\"auto, (max-width: 870px) 100vw, 870px\" \/><\/a><h3 class=\"box-header\"><a href=\"https:\/\/kages.eu\/WP\/kofferanhaenger-koenig-khc-354020\/\" title=\"KOFFERANH\u00c4NGER K\u00d6NIG KHC-354020\">KOFFERANH\u00c4NGER K\u00d6NIG KHC-354020<\/a><\/h3><p>Nutzma\u00dfe: L4060mm, B2060mm, H2000mm; Nutzlast: ca.2600kg, GesGew.: 3500kg Besonderheiten: komplette Seite \u00fcber doppelte Fl\u00fcgelt\u00fcren zu \u00f6ffnen<\/p>\n<\/li><li class=\" post post-1402 type-post status-publish format-standard has-post-thumbnail hentry category-uncategorized\"><a class=\"post-image\" href=\"https:\/\/kages.eu\/WP\/koffer-verkaufs-anhaenger-koenig-khc-356524-n\/\" title=\"KOFFER-, Verkaufs- ANH\u00c4NGER K\u00d6NIG KHC-356524\/N\"><img loading=\"lazy\" decoding=\"async\" width=\"870\" height=\"580\" src=\"https:\/\/kages.eu\/WP\/wp-content\/uploads\/2018\/07\/13442565_1269575169736938_8140273283684360786_o-870x580.jpg\" class=\"attachment-blog-post-thumb size-blog-post-thumb wp-post-image\" alt=\"KOFFER-, Verkaufs- ANH\u00c4NGER K\u00d6NIG KHC-356524\/N\" title=\"\" srcset=\"https:\/\/kages.eu\/WP\/wp-content\/uploads\/2018\/07\/13442565_1269575169736938_8140273283684360786_o-870x580.jpg 870w, https:\/\/kages.eu\/WP\/wp-content\/uploads\/2018\/07\/13442565_1269575169736938_8140273283684360786_o-570x380.jpg 570w, https:\/\/kages.eu\/WP\/wp-content\/uploads\/2018\/07\/13442565_1269575169736938_8140273283684360786_o-480x320.jpg 480w, https:\/\/kages.eu\/WP\/wp-content\/uploads\/2018\/07\/13442565_1269575169736938_8140273283684360786_o-390x260.jpg 390w, https:\/\/kages.eu\/WP\/wp-content\/uploads\/2018\/07\/13442565_1269575169736938_8140273283684360786_o-270x180.jpg 270w\" sizes=\"auto, (max-width: 870px) 100vw, 870px\" \/><\/a><h3 class=\"box-header\"><a href=\"https:\/\/kages.eu\/WP\/koffer-verkaufs-anhaenger-koenig-khc-356524-n\/\" title=\"KOFFER-, Verkaufs- ANH\u00c4NGER K\u00d6NIG KHC-356524\/N\">KOFFER-, Verkaufs- ANH\u00c4NGER K\u00d6NIG KHC-356524\/N<\/a><\/h3><p>Nutzma\u00dfe: L6500mm, B2450mm, H2500mm; Nutzlast: ca.1800kg, GesGew.: 3500kg Besonderheiten: Verkaufsklappe 2tlg. seitlich und einteilig hinten, Treppen ausklappbar, externe Stromversorgung, komplett isoliert, h\u00f6henverstellbare Deichsel<\/p>\n<\/li><\/ul><\/div><ul class='pagination clearfix page-margin-top'><li class='selected'><span>1<\/span><\/li><li><a href='https:\/\/kages.eu\/WP\/wp-json\/wp\/v2\/pages\/236\/page\/2\/'>2<\/a><\/li><li><a href='https:\/\/kages.eu\/WP\/wp-json\/wp\/v2\/pages\/236\/page\/3\/'>3<\/a><\/li><\/ul>[\/vc_column][vc_column type=&#8220;cs-smart-column&#8220; width=&#8220;1\/4&#8243;]<h6 class=\" box-header page-margin-top\">LETZTE BEITR\u00c4GE<\/h6><div class=\"vc_row wpb_row vc_row-fluid\"><ul class=\"blog clearfix small margin-top-30\"><li class=\"small post post-1408 type-post status-publish format-standard has-post-thumbnail hentry category-uncategorized\"><a class=\"post-image\" href=\"https:\/\/kages.eu\/WP\/hochladeranhaenger-koenig-kh-263016-n-tandem\/\" title=\"HOCHLADERANH\u00c4NGER K\u00d6NIG KH-263016\/N TANDEM\"><img loading=\"lazy\" decoding=\"async\" width=\"90\" height=\"90\" src=\"https:\/\/kages.eu\/WP\/wp-content\/uploads\/2018\/07\/2015-02-02-13.22.39-90x90.jpg\" class=\"attachment-tiny-thumb size-tiny-thumb wp-post-image\" alt=\"HOCHLADERANH\u00c4NGER K\u00d6NIG KH-263016\/N TANDEM\" title=\"\" srcset=\"https:\/\/kages.eu\/WP\/wp-content\/uploads\/2018\/07\/2015-02-02-13.22.39-90x90.jpg 90w, https:\/\/kages.eu\/WP\/wp-content\/uploads\/2018\/07\/2015-02-02-13.22.39-150x150.jpg 150w\" sizes=\"auto, (max-width: 90px) 100vw, 90px\" \/><\/a><div class=\"post-content\"><a href=\"https:\/\/kages.eu\/WP\/hochladeranhaenger-koenig-kh-263016-n-tandem\/\" title=\"HOCHLADERANH\u00c4NGER K\u00d6NIG KH-263016\/N TANDEM\">HOCHLADERANH\u00c4NGER K\u00d6NIG KH-263016\/N TANDEM<\/a><\/div><\/li><li class=\"small post post-1406 type-post status-publish format-standard has-post-thumbnail hentry category-uncategorized\"><a class=\"post-image\" href=\"https:\/\/kages.eu\/WP\/kofferanhaenger-koenig-khc-354020\/\" title=\"KOFFERANH\u00c4NGER K\u00d6NIG KHC-354020\"><img loading=\"lazy\" decoding=\"async\" width=\"90\" height=\"90\" src=\"https:\/\/kages.eu\/WP\/wp-content\/uploads\/2018\/07\/2017-07-13-17.34.27-90x90.jpg\" class=\"attachment-tiny-thumb size-tiny-thumb wp-post-image\" alt=\"KOFFERANH\u00c4NGER K\u00d6NIG KHC-354020\" title=\"\" srcset=\"https:\/\/kages.eu\/WP\/wp-content\/uploads\/2018\/07\/2017-07-13-17.34.27-90x90.jpg 90w, https:\/\/kages.eu\/WP\/wp-content\/uploads\/2018\/07\/2017-07-13-17.34.27-150x150.jpg 150w\" sizes=\"auto, (max-width: 90px) 100vw, 90px\" \/><\/a><div class=\"post-content\"><a href=\"https:\/\/kages.eu\/WP\/kofferanhaenger-koenig-khc-354020\/\" title=\"KOFFERANH\u00c4NGER K\u00d6NIG KHC-354020\">KOFFERANH\u00c4NGER K\u00d6NIG KHC-354020<\/a><\/div><\/li><li class=\"small post post-1402 type-post status-publish format-standard has-post-thumbnail hentry category-uncategorized\"><a class=\"post-image\" href=\"https:\/\/kages.eu\/WP\/koffer-verkaufs-anhaenger-koenig-khc-356524-n\/\" title=\"KOFFER-, Verkaufs- ANH\u00c4NGER K\u00d6NIG KHC-356524\/N\"><img loading=\"lazy\" decoding=\"async\" width=\"90\" height=\"90\" src=\"https:\/\/kages.eu\/WP\/wp-content\/uploads\/2018\/07\/13442565_1269575169736938_8140273283684360786_o-90x90.jpg\" class=\"attachment-tiny-thumb size-tiny-thumb wp-post-image\" alt=\"KOFFER-, Verkaufs- ANH\u00c4NGER K\u00d6NIG KHC-356524\/N\" title=\"\" srcset=\"https:\/\/kages.eu\/WP\/wp-content\/uploads\/2018\/07\/13442565_1269575169736938_8140273283684360786_o-90x90.jpg 90w, https:\/\/kages.eu\/WP\/wp-content\/uploads\/2018\/07\/13442565_1269575169736938_8140273283684360786_o-150x150.jpg 150w\" sizes=\"auto, (max-width: 90px) 100vw, 90px\" \/><\/a><div class=\"post-content\"><a href=\"https:\/\/kages.eu\/WP\/koffer-verkaufs-anhaenger-koenig-khc-356524-n\/\" title=\"KOFFER-, Verkaufs- ANH\u00c4NGER K\u00d6NIG KHC-356524\/N\">KOFFER-, Verkaufs- ANH\u00c4NGER K\u00d6NIG KHC-356524\/N<\/a><\/div><\/li><\/ul><\/div>[\/vc_column][\/vc_row]<\/p>\n<\/div>","protected":false},"excerpt":{"rendered":"<p>[vc_row el_class=&#8220;margin-top-70&#8243;][vc_column width=&#8220;3\/4&#8243;][\/vc_column][vc_column type=&#8220;cs-smart-column&#8220; width=&#8220;1\/4&#8243;][\/vc_column][\/vc_row]<\/p>\n","protected":false},"author":1,"featured_media":0,"parent":0,"menu_order":0,"comment_status":"open","ping_status":"open","template":"template-blog.php","meta":{"footnotes":""},"class_list":["post-236","page","type-page","status-publish","hentry"],"_links":{"self":[{"href":"https:\/\/kages.eu\/WP\/wp-json\/wp\/v2\/pages\/236","targetHints":{"allow":["GET"]}}],"collection":[{"href":"https:\/\/kages.eu\/WP\/wp-json\/wp\/v2\/pages"}],"about":[{"href":"https:\/\/kages.eu\/WP\/wp-json\/wp\/v2\/types\/page"}],"author":[{"embeddable":true,"href":"https:\/\/kages.eu\/WP\/wp-json\/wp\/v2\/users\/1"}],"replies":[{"embeddable":true,"href":"https:\/\/kages.eu\/WP\/wp-json\/wp\/v2\/comments?post=236"}],"version-history":[{"count":0,"href":"https:\/\/kages.eu\/WP\/wp-json\/wp\/v2\/pages\/236\/revisions"}],"wp:attachment":[{"href":"https:\/\/kages.eu\/WP\/wp-json\/wp\/v2\/media?parent=236"}],"curies":[{"name":"wp","href":"https:\/\/api.w.org\/{rel}","templated":true}]}}